{"id":137,"date":"2019-02-08T11:29:11","date_gmt":"2019-02-08T10:29:11","guid":{"rendered":"http:\/\/centromedicolaser.webag.it\/?page_id=137"},"modified":"2021-07-02T19:08:57","modified_gmt":"2021-07-02T17:08:57","slug":"filler","status":"publish","type":"page","link":"https:\/\/www.centromedicolaser.it\/cmlstaging\/filler-firenze\/","title":{"rendered":"Filler"},"content":{"rendered":"\n<figure class=\"wp-block-image\"><img loading=\"lazy\" width=\"1000\" height=\"454\" src=\"https:\/\/www.centromedicolaser.it\/wp-content\/uploads\/2019\/02\/trattamento-filler.jpg\" alt=\"\" class=\"wp-image-872\" srcset=\"https:\/\/www.centromedicolaser.it\/cmlstaging\/wp-content\/uploads\/2019\/02\/trattamento-filler.jpg 1000w, https:\/\/www.centromedicolaser.it\/cmlstaging\/wp-content\/uploads\/2019\/02\/trattamento-filler-300x136.jpg 300w, https:\/\/www.centromedicolaser.it\/cmlstaging\/wp-content\/uploads\/2019\/02\/trattamento-filler-768x349.jpg 768w, https:\/\/www.centromedicolaser.it\/cmlstaging\/wp-content\/uploads\/2019\/02\/trattamento-filler-150x68.jpg 150w\" sizes=\"(max-width: 1000px) 100vw, 1000px\" \/><\/figure>\n\n\n\n<p>Il Filler \u00e8 un trattamento non chirurgico a base di acido ialuronico. Si applica a molte parti del viso, come labbra, zigomi, mento <strong>per aumentare volume e tonicit\u00e0 della pelle<\/strong>. Viene utilizzato con successo anche per eliminare rughe o altri inestetismi come le cicatrici da acne o le rughe tra naso e bocca.<\/p>\n\n\n\n<p>L\u2019acido ialuronico \u00e8 una <strong>sostanza naturale gi\u00e0 presente nel nostro organismo<\/strong>, che svolge una funzione fondamentale a sostegno dei tessuti connettivi. La sua concentrazione, per\u00f2, tende a ridursi con l\u2019avanzare dell\u2019et\u00e0, creando depressioni sulla superficie della cute. <\/p>\n\n\n\n<p>Il trattamento Filler a base di acido ialuronico va a reintegrare questa sostanza, che svolge cos\u00ec un\u2019utile azione rimpolpante, rendendo<strong> la pelle pi\u00f9 elastica e compatta<\/strong> e regalando un risultato anti-age assolutamente naturale e con pochissimi effetti indesiderati.<\/p>\n\n\n\n<p>I trattamenti di Rimodellamento del viso come il Filler sono in grado di <strong>addolcire il profilo<\/strong>, <strong>alzare gli zigomi<\/strong>, rendere il <strong>viso pi\u00f9 proporzionato<\/strong> aumentando i volumi per avere un viso dall&#8217;aspetto giovane in modo non invasivo.<\/p>\n\n\n\n<p>Il nostro centro medico \u00e8 specializzato da molti anni nei trattamenti <strong>Filler a Firenze con acido ialuronico<\/strong>. <\/p>\n\n\n\n<h2><strong>Quando ricorrere al Filler?<\/strong><\/h2>\n\n\n\n<p>Il Filler viene usato in presenza di alcuni inestetismi evidenti come le <strong>rughe  fra naso e bocca<\/strong> (naso \u2013 geniene), quelle <strong>del contorno bocca<\/strong> (codice a barre) le <strong>cicatrici da acne<\/strong> e i segni dovuti alla prolungata esposizione al sole (<strong>photoaging<\/strong>). In tutti i casi il trattamento si \u00e8 dimostrato efficace e il risultato molto naturale.<\/p>\n\n\n\n<p>Inoltre il Filler all\u2019acido ialuronico si rivela un ottimo alleato anche per migliorare la tonicit\u00e0 di alcune parti del viso; \u00e8 possibile infatti <strong>aumentare il volume di labbra, zigomi e mento<\/strong>, correggere piccole<strong> imperfezioni del naso (Rinofiller)<\/strong>, ridurre le <strong>occhiaie <\/strong>e ridefinire l\u2019<strong>ovale <\/strong>andando ad eliminare possibili dissimmetrie.<\/p>\n\n\n\n<h2><strong>Come funziona il trattamento?   <\/strong><\/h2>\n\n\n\n<p>Il trattamento \u00e8 <strong>rapido e indolore<\/strong>, nella maggior parte dei casi. Viene effettuato in ambulatorio iniettando l\u2019acido ialuronico sotto il derma avvalendosi di siringhe con aghi sottilissimi. <strong>L\u2019effetto estetico \u00e8 immediato e assolutamente naturale<\/strong>. Solitamente il trattamento risulta non doloroso per il paziente, ma  \u00e8 possibile applicare un anestetico locale prima del trattamento. <\/p>\n\n\n\n<h2><strong>Dove si applica il Filler?<\/strong><br><\/h2>\n\n\n\n<p>Le principali zone su cui \u00e8 possibile eseguire questo tipo di trattamento sono:<\/p>\n\n\n\n<ul><li>Labbra;<\/li><li>Zigomi;<\/li><li>Naso;<\/li><li>Mento;<\/li><li>Occhi (occhiaie);<\/li><li>Collo;<\/li><li>D\u00e9collet\u00e9.<\/li><\/ul>\n\n\n\n<h2><strong>Quanto dura l\u2019effetto estetico?<\/strong><\/h2>\n\n\n\n<p><strong>La durata degli effetti estetici solitamente varia dai 6 agli 8 mesi<\/strong>, terminato questo periodo l\u2019acido ialuronico iniettato viene naturalmente riassorbito dall&#8217;organismo.<\/p>\n\n\n\n<p>Il nostro centro a Firenze \u00e8 specializzato in questo tipo di trattamenti e utilizza solo prodotti di altissima qualit\u00e0 come l\u2019<strong>acido ialuronico ad assorbimento medio<\/strong>. Recenti studi di medicina estetica hanno dimostrato che l\u2019acido ad assorbimento lungo pu\u00f2 alterare il naturale equilibrio della pelle e, una volta assorbiti, far tornare la pelle ad una condizione peggiore rispetto a quella di partenza.<br><\/p>\n\n\n\n<h2><strong>I vantaggi del Filler<\/strong><\/h2>\n\n\n\n<ul><li>Non vengono iniettati composti sintetici o siliconi, solo sostanze naturalmente prodotte dalla pelle;<\/li><li>L\u2019effetto estetico \u00e8 naturale e i risultati sono immediati;<\/li><li>Riduzione del rischio di errori: \u00e8 possibile invertire completamente gli effetti dell\u2019intervento con un\u2019altra veloce iniezione che elimina l\u2019acido ialuronico in eccesso;<\/li><li>Il trattamento \u00e8 veloce e indolore, non necessita di alcun tipo di anestesia e la ripresa delle normali attivit\u00e0 \u00e8 immediata;<\/li><li>Svolge anche un\u2019efficace azione nutritiva e idratante per la pelle.<\/li><\/ul>\n\n\n\n<h2 class=\"has-text-align-center\"><strong>Vuoi sapere se il Filler \u00e8 indicato nel tuo caso? <\/strong><\/h2>\n\n\n\n<p class=\"has-text-align-center\">Prenota una <strong>visita di medicina estetica gratuita a Firenze<\/strong> chiamando il numero verde 800 108 433<br> o scrivici su WhatsApp al numero 388 62 32 023 oppure invia una richiesta dal <a href=\"javascript:void(0)\" data-toggle=\"modal\" data-target=\"#contactModal\" rel=\"noopener noreferrer\">modulo di contatto<\/a><\/p>\n","protected":false},"excerpt":{"rendered":"<p>Il Filler \u00e8 un trattamento non chirurgico a base di acido ialuronico. Si applica a molte parti del viso, come labbra, zigomi, mento per aumentare volume e tonicit\u00e0 della pelle. Viene utilizzato con successo anche per eliminare rughe o altri inestetismi come le cicatrici da acne o le rughe tra naso e bocca. L\u2019acido ialuronico [&hellip;]<\/p>\n","protected":false},"author":2,"featured_media":646,"parent":86,"menu_order":15,"comment_status":"closed","ping_status":"closed","template":"templates-custom\/tpl-trattamento.php","meta":{"inline_featured_image":false,"_links_to":"","_links_to_target":""},"yoast_head":"<!-- This site is optimized with the Yoast SEO plugin v15.7 - https:\/\/yoast.com\/wordpress\/plugins\/seo\/ -->\n<meta name=\"description\" content=\"Il filler \u00e8 un trattamento dall&#039;effetto immediato e dall&#039;aspetto naturale, rimodella l&#039;ovale e si avvale dell&#039;azione nutrica e idratante dell&#039;acido ialuronico\" \/>\n<meta name=\"robots\" content=\"noindex, follow, max-snippet:-1, max-image-preview:large, max-video-preview:-1\" \/>\n<meta property=\"og:locale\" content=\"it_IT\" \/>\n<meta property=\"og:type\" content=\"article\" \/>\n<meta property=\"og:title\" content=\"Filler viso Firenze | Rimodellamento volto | Centro Medico Laser\" \/>\n<meta property=\"og:description\" content=\"Il filler \u00e8 un trattamento dall&#039;effetto immediato e dall&#039;aspetto naturale, rimodella l&#039;ovale e si avvale dell&#039;azione nutrica e idratante dell&#039;acido ialuronico\" \/>\n<meta property=\"og:url\" content=\"https:\/\/www.centromedicolaser.it\/cmlstaging\/filler-firenze\/\" \/>\n<meta property=\"og:site_name\" content=\"Centro Medico Laser\" \/>\n<meta property=\"article:modified_time\" content=\"2021-07-02T17:08:57+00:00\" \/>\n<meta property=\"og:image\" content=\"https:\/\/www.centromedicolaser.it\/cmlstaging\/wp-content\/uploads\/2019\/02\/filler.jpg\" \/>\n\t<meta property=\"og:image:width\" content=\"650\" \/>\n\t<meta property=\"og:image:height\" content=\"405\" \/>\n<meta name=\"twitter:card\" content=\"summary_large_image\" \/>\n<meta name=\"twitter:label1\" content=\"Tempo di lettura stimato\">\n\t<meta name=\"twitter:data1\" content=\"3 minuti\">\n<script type=\"application\/ld+json\" class=\"yoast-schema-graph\">{\"@context\":\"https:\/\/schema.org\",\"@graph\":[{\"@type\":\"WebSite\",\"@id\":\"https:\/\/www.centromedicolaser.it\/cmlstaging\/#website\",\"url\":\"https:\/\/www.centromedicolaser.it\/cmlstaging\/\",\"name\":\"Centro Medico Laser\",\"description\":\"Medicina estetica, Laserterapia, Dermatologia.\",\"potentialAction\":[{\"@type\":\"SearchAction\",\"target\":\"https:\/\/www.centromedicolaser.it\/cmlstaging\/?s={search_term_string}\",\"query-input\":\"required name=search_term_string\"}],\"inLanguage\":\"it-IT\"},{\"@type\":\"ImageObject\",\"@id\":\"https:\/\/www.centromedicolaser.it\/cmlstaging\/filler-firenze\/#primaryimage\",\"inLanguage\":\"it-IT\",\"url\":\"https:\/\/www.centromedicolaser.it\/cmlstaging\/wp-content\/uploads\/2019\/02\/filler.jpg\",\"width\":650,\"height\":405},{\"@type\":\"WebPage\",\"@id\":\"https:\/\/www.centromedicolaser.it\/cmlstaging\/filler-firenze\/#webpage\",\"url\":\"https:\/\/www.centromedicolaser.it\/cmlstaging\/filler-firenze\/\",\"name\":\"Filler viso Firenze | Rimodellamento volto | Centro Medico Laser\",\"isPartOf\":{\"@id\":\"https:\/\/www.centromedicolaser.it\/cmlstaging\/#website\"},\"primaryImageOfPage\":{\"@id\":\"https:\/\/www.centromedicolaser.it\/cmlstaging\/filler-firenze\/#primaryimage\"},\"datePublished\":\"2019-02-08T10:29:11+00:00\",\"dateModified\":\"2021-07-02T17:08:57+00:00\",\"description\":\"Il filler \\u00e8 un trattamento dall'effetto immediato e dall'aspetto naturale, rimodella l'ovale e si avvale dell'azione nutrica e idratante dell'acido ialuronico\",\"inLanguage\":\"it-IT\",\"potentialAction\":[{\"@type\":\"ReadAction\",\"target\":[\"https:\/\/www.centromedicolaser.it\/cmlstaging\/filler-firenze\/\"]}]}]}<\/script>\n<!-- \/ Yoast SEO plugin. -->","_links":{"self":[{"href":"https:\/\/www.centromedicolaser.it\/cmlstaging\/wp-json\/wp\/v2\/pages\/137"}],"collection":[{"href":"https:\/\/www.centromedicolaser.it\/cmlstaging\/wp-json\/wp\/v2\/pages"}],"about":[{"href":"https:\/\/www.centromedicolaser.it\/cmlstaging\/wp-json\/wp\/v2\/types\/page"}],"author":[{"embeddable":true,"href":"https:\/\/www.centromedicolaser.it\/cmlstaging\/wp-json\/wp\/v2\/users\/2"}],"replies":[{"embeddable":true,"href":"https:\/\/www.centromedicolaser.it\/cmlstaging\/wp-json\/wp\/v2\/comments?post=137"}],"version-history":[{"count":16,"href":"https:\/\/www.centromedicolaser.it\/cmlstaging\/wp-json\/wp\/v2\/pages\/137\/revisions"}],"predecessor-version":[{"id":2513,"href":"https:\/\/www.centromedicolaser.it\/cmlstaging\/wp-json\/wp\/v2\/pages\/137\/revisions\/2513"}],"up":[{"embeddable":true,"href":"https:\/\/www.centromedicolaser.it\/cmlstaging\/wp-json\/wp\/v2\/pages\/86"}],"wp:featuredmedia":[{"embeddable":true,"href":"https:\/\/www.centromedicolaser.it\/cmlstaging\/wp-json\/wp\/v2\/media\/646"}],"wp:attachment":[{"href":"https:\/\/www.centromedicolaser.it\/cmlstaging\/wp-json\/wp\/v2\/media?parent=137"}],"curies":[{"name":"wp","href":"https:\/\/api.w.org\/{rel}","templated":true}]}}