{"id":1740,"date":"2019-09-13T16:26:08","date_gmt":"2019-09-13T14:26:08","guid":{"rendered":"https:\/\/www.centromedicolaser.it\/?page_id=1740"},"modified":"2019-10-01T15:34:30","modified_gmt":"2019-10-01T13:34:30","slug":"colposcopia-firenze","status":"publish","type":"page","link":"https:\/\/www.centromedicolaser.it\/cmlstaging\/colposcopia-firenze\/","title":{"rendered":"Colposcopia"},"content":{"rendered":"\n<figure class=\"wp-block-image\"><img loading=\"lazy\" width=\"1000\" height=\"600\" src=\"https:\/\/www.centromedicolaser.it\/wp-content\/uploads\/2019\/09\/colposcopia-a-firenze.jpg\" alt=\"\" class=\"wp-image-1749\" srcset=\"https:\/\/www.centromedicolaser.it\/cmlstaging\/wp-content\/uploads\/2019\/09\/colposcopia-a-firenze.jpg 1000w, https:\/\/www.centromedicolaser.it\/cmlstaging\/wp-content\/uploads\/2019\/09\/colposcopia-a-firenze-300x180.jpg 300w, https:\/\/www.centromedicolaser.it\/cmlstaging\/wp-content\/uploads\/2019\/09\/colposcopia-a-firenze-768x461.jpg 768w, https:\/\/www.centromedicolaser.it\/cmlstaging\/wp-content\/uploads\/2019\/09\/colposcopia-a-firenze-150x90.jpg 150w\" sizes=\"(max-width: 1000px) 100vw, 1000px\" \/><\/figure>\n\n\n\n<p>Grazie alla Colposcopia \u00e8 possibile <strong>osservare la cervice uterina<\/strong>, ovvero la parte pi\u00f9 esterna dell&#8217;utero, con una visione ingrandita e pi\u00f9 accurata rispetto ad altri test ginecologici. <\/p>\n\n\n\n<p>La Colposcopia \u00e8 un<strong> esame ginecologico<\/strong> con il quale il medico guarda il collo dell\u2019utero dopo aver applicato un liquido che si chiama Acido acetico.<br><\/p>\n\n\n\n<p>Anche nella Colposcopia il medico usa lo<strong> speculum vaginale<\/strong>, come nella visita ginecologica. Lo speculum \u00e8 uno strumento che introdotto in vagina ne distanzia le pareti e permette di visualizzare il collo dell\u2019utero.<br><\/p>\n\n\n\n<p>Durante la Colposcopia il medico usa il colposcopio, uno strumento che serve per illuminare il collo dell\u2019utero e consente di vederlo ingrandito.<br>Se il medico vede delle alterazioni pu\u00f2 fare un piccolo prelievo di tessuto dal collo dell\u2019utero. Questo prelievo si chiama biopsia.<br><\/p>\n\n\n\n<p>Se il medico vede un polipo del collo dell\u2019utero \u00e8 possibile che esegua una polipectomia per rimuoverlo.<br><\/p>\n\n\n\n<p><strong>In genere la Colposcopia non \u00e8 dolorosa<\/strong>. Se fosse necessaria una biopsia\/polipectomia potrebbe essere avvertito un fastidio simile ad un pizzicotto o ad un dolore mestruale.<\/p>\n\n\n\n<p><strong>La ripresa della quotidianit\u00e0 \u00e8 immediata<\/strong>. Prenota una Colposcopia a Firenze presso il Centro Medico Laser. <\/p>\n\n\n\n<h2>Quando \u00e8 indicato fare una Colposcopia?<\/h2>\n\n\n\n<ul><li>Quando il PAP-TEST non \u00e8 NEGATIVO<\/li><li> Quando l\u2019HPV-test \u00e8 POSITIVO<\/li><li> Quando si hanno perdite vaginali non normali ( di sangue o altro)<\/li><li> Quando si \u00e8 riscontrata infezione virale vulvare<\/li><\/ul>\n","protected":false},"excerpt":{"rendered":"<p>Grazie alla Colposcopia \u00e8 possibile osservare la cervice uterina, ovvero la parte pi\u00f9 esterna dell&#8217;utero, con una visione ingrandita e pi\u00f9 accurata rispetto ad altri test ginecologici. La Colposcopia \u00e8 un esame ginecologico con il quale il medico guarda il collo dell\u2019utero dopo aver applicato un liquido che si chiama Acido acetico. Anche nella Colposcopia [&hellip;]<\/p>\n","protected":false},"author":2,"featured_media":1800,"parent":181,"menu_order":6,"comment_status":"closed","ping_status":"closed","template":"templates-custom\/tpl-trattamento.php","meta":{"inline_featured_image":false,"_links_to":"","_links_to_target":""},"yoast_head":"<!-- This site is optimized with the Yoast SEO plugin v15.7 - https:\/\/yoast.com\/wordpress\/plugins\/seo\/ -->\n<meta name=\"description\" content=\"Richiedi una colposcopia a Firenze. La ginecologa osserver\u00e0 la cervice dell&#039;utero per rilevare eventuali anomalie dell&#039;utero e problematiche ginecologiche\" \/>\n<meta name=\"robots\" content=\"noindex, follow, max-snippet:-1, max-image-preview:large, max-video-preview:-1\" \/>\n<meta property=\"og:locale\" content=\"it_IT\" \/>\n<meta property=\"og:type\" content=\"article\" \/>\n<meta property=\"og:title\" content=\"Colposcopia Firenze | Esame collo utero | Centro Medico Laser\" \/>\n<meta property=\"og:description\" content=\"Richiedi una colposcopia a Firenze. La ginecologa osserver\u00e0 la cervice dell&#039;utero per rilevare eventuali anomalie dell&#039;utero e problematiche ginecologiche\" \/>\n<meta property=\"og:url\" content=\"https:\/\/www.centromedicolaser.it\/cmlstaging\/colposcopia-firenze\/\" \/>\n<meta property=\"og:site_name\" content=\"Centro Medico Laser\" \/>\n<meta property=\"article:modified_time\" content=\"2019-10-01T13:34:30+00:00\" \/>\n<meta property=\"og:image\" content=\"https:\/\/www.centromedicolaser.it\/cmlstaging\/wp-content\/uploads\/2019\/10\/colposcopia-firenze-min.jpg\" \/>\n\t<meta property=\"og:image:width\" content=\"650\" \/>\n\t<meta property=\"og:image:height\" content=\"405\" \/>\n<meta name=\"twitter:card\" content=\"summary_large_image\" \/>\n<meta name=\"twitter:label1\" content=\"Tempo di lettura stimato\">\n\t<meta name=\"twitter:data1\" content=\"1 minuto\">\n<script type=\"application\/ld+json\" class=\"yoast-schema-graph\">{\"@context\":\"https:\/\/schema.org\",\"@graph\":[{\"@type\":\"WebSite\",\"@id\":\"https:\/\/www.centromedicolaser.it\/cmlstaging\/#website\",\"url\":\"https:\/\/www.centromedicolaser.it\/cmlstaging\/\",\"name\":\"Centro Medico Laser\",\"description\":\"Medicina estetica, Laserterapia, Dermatologia.\",\"potentialAction\":[{\"@type\":\"SearchAction\",\"target\":\"https:\/\/www.centromedicolaser.it\/cmlstaging\/?s={search_term_string}\",\"query-input\":\"required name=search_term_string\"}],\"inLanguage\":\"it-IT\"},{\"@type\":\"ImageObject\",\"@id\":\"https:\/\/www.centromedicolaser.it\/cmlstaging\/colposcopia-firenze\/#primaryimage\",\"inLanguage\":\"it-IT\",\"url\":\"https:\/\/www.centromedicolaser.it\/cmlstaging\/wp-content\/uploads\/2019\/10\/colposcopia-firenze-min.jpg\",\"width\":650,\"height\":405},{\"@type\":\"WebPage\",\"@id\":\"https:\/\/www.centromedicolaser.it\/cmlstaging\/colposcopia-firenze\/#webpage\",\"url\":\"https:\/\/www.centromedicolaser.it\/cmlstaging\/colposcopia-firenze\/\",\"name\":\"Colposcopia Firenze | Esame collo utero | Centro Medico Laser\",\"isPartOf\":{\"@id\":\"https:\/\/www.centromedicolaser.it\/cmlstaging\/#website\"},\"primaryImageOfPage\":{\"@id\":\"https:\/\/www.centromedicolaser.it\/cmlstaging\/colposcopia-firenze\/#primaryimage\"},\"datePublished\":\"2019-09-13T14:26:08+00:00\",\"dateModified\":\"2019-10-01T13:34:30+00:00\",\"description\":\"Richiedi una colposcopia a Firenze. La ginecologa osserver\\u00e0 la cervice dell'utero per rilevare eventuali anomalie dell'utero e problematiche ginecologiche\",\"inLanguage\":\"it-IT\",\"potentialAction\":[{\"@type\":\"ReadAction\",\"target\":[\"https:\/\/www.centromedicolaser.it\/cmlstaging\/colposcopia-firenze\/\"]}]}]}<\/script>\n<!-- \/ Yoast SEO plugin. -->","_links":{"self":[{"href":"https:\/\/www.centromedicolaser.it\/cmlstaging\/wp-json\/wp\/v2\/pages\/1740"}],"collection":[{"href":"https:\/\/www.centromedicolaser.it\/cmlstaging\/wp-json\/wp\/v2\/pages"}],"about":[{"href":"https:\/\/www.centromedicolaser.it\/cmlstaging\/wp-json\/wp\/v2\/types\/page"}],"author":[{"embeddable":true,"href":"https:\/\/www.centromedicolaser.it\/cmlstaging\/wp-json\/wp\/v2\/users\/2"}],"replies":[{"embeddable":true,"href":"https:\/\/www.centromedicolaser.it\/cmlstaging\/wp-json\/wp\/v2\/comments?post=1740"}],"version-history":[{"count":18,"href":"https:\/\/www.centromedicolaser.it\/cmlstaging\/wp-json\/wp\/v2\/pages\/1740\/revisions"}],"predecessor-version":[{"id":1799,"href":"https:\/\/www.centromedicolaser.it\/cmlstaging\/wp-json\/wp\/v2\/pages\/1740\/revisions\/1799"}],"up":[{"embeddable":true,"href":"https:\/\/www.centromedicolaser.it\/cmlstaging\/wp-json\/wp\/v2\/pages\/181"}],"wp:featuredmedia":[{"embeddable":true,"href":"https:\/\/www.centromedicolaser.it\/cmlstaging\/wp-json\/wp\/v2\/media\/1800"}],"wp:attachment":[{"href":"https:\/\/www.centromedicolaser.it\/cmlstaging\/wp-json\/wp\/v2\/media?parent=1740"}],"curies":[{"name":"wp","href":"https:\/\/api.w.org\/{rel}","templated":true}]}}