{"id":179,"date":"2019-02-11T11:32:49","date_gmt":"2019-02-11T10:32:49","guid":{"rendered":"http:\/\/centromedicolaser.webag.it\/?page_id=179"},"modified":"2022-05-16T11:15:51","modified_gmt":"2022-05-16T09:15:51","slug":"podologia","status":"publish","type":"page","link":"https:\/\/www.centromedicolaser.it\/cmlstaging\/podologia-firenze\/","title":{"rendered":"Podologia"},"content":{"rendered":"\n<h2 class=\"has-text-align-center\">SALUTE E BELLEZZA PER I TUOI PIEDI <br><\/h2>\n\n\n\n<p class=\"has-text-align-center\">Il valore di un piede sano \u00e8 inestimabile. I piedi ci danno stabilit\u00e0, ci permettono di muoverci, sono fondamentali per mantenere una postura corretta. Ecco perch\u00e9 offriamo un servizio completo di podologia a Firenze, grazie al quale potrai scoprire eventuali irregolarit\u00e0 del passo, patologie ortopediche, alterazioni estetiche e funzionali. Perch\u00e9 un piede in salute \u00e8 anche un piede bello, armonioso, da ammirare. <\/p>\n\n\n\n<p>Il dott. Lorenzo Andalo podologo al Centro Medico Laser, in questo video\u00a0 \u00a0spiega perch\u00e9 \u00e8 necessario che il plantare sia eseguito su misura, in base alle specifiche esigenze del singolo paziente.<\/p>\n\n\n\n<figure class=\"wp-block-video aligncenter\"><video controls src=\"https:\/\/www.centromedicolaser.it\/wp-content\/uploads\/2022\/05\/cml-video-podologia.mp4\"><\/video><\/figure>\n\n\n\n<div class=\"title-row\"><h5>Aree di intervento<\/h5><\/div>\n\n\n\n\t\t<div class=\"row auto-clear\">\n\t\t\t\t\t\t\t<div class=\"col-xl-4 col-lg-4 col-md-4 col-sm-6\">\n\t\t\t\t\t\n<div class=\"block-image-title text-center\">\n\t<a href=\"https:\/\/www.centromedicolaser.it\/cmlstaging\/alluce-valgo-firenze\/\">\n\t\t<img src=\"https:\/\/www.centromedicolaser.it\/cmlstaging\/wp-content\/themes\/webag\/templates-default\/img\/t.png\" data-src=\"https:\/\/www.centromedicolaser.it\/cmlstaging\/wp-content\/uploads\/2019\/03\/trattamento-alluce-valgo-firenze.jpg\" class=\"img-responsive lazy w-100\" alt=\"Alluce valgo\">\n\t<\/a>\n\t<div class=\"title\">\n\t\t<a href=\"https:\/\/www.centromedicolaser.it\/cmlstaging\/alluce-valgo-firenze\/\" class=\"color-white\">\n\t\t\t<h4>Alluce valgo<\/h4>\n\t\t<\/a>\n\t<\/div>\n<\/div>\t\t\t\t<\/div>\n\t\t\t\t\t\t\t<div class=\"col-xl-4 col-lg-4 col-md-4 col-sm-6\">\n\t\t\t\t\t\n<div class=\"block-image-title text-center\">\n\t<a href=\"https:\/\/www.centromedicolaser.it\/cmlstaging\/esame-baropodometrico-firenze\/\">\n\t\t<img src=\"https:\/\/www.centromedicolaser.it\/cmlstaging\/wp-content\/themes\/webag\/templates-default\/img\/t.png\" data-src=\"https:\/\/www.centromedicolaser.it\/cmlstaging\/wp-content\/uploads\/2019\/03\/esame-baropodometricominiatura.jpg\" class=\"img-responsive lazy w-100\" alt=\"Esame baropodometrico\">\n\t<\/a>\n\t<div class=\"title\">\n\t\t<a href=\"https:\/\/www.centromedicolaser.it\/cmlstaging\/esame-baropodometrico-firenze\/\" class=\"color-white\">\n\t\t\t<h4>Esame baropodometrico<\/h4>\n\t\t<\/a>\n\t<\/div>\n<\/div>\t\t\t\t<\/div>\n\t\t\t\t\t\t\t<div class=\"col-xl-4 col-lg-4 col-md-4 col-sm-6\">\n\t\t\t\t\t\n<div class=\"block-image-title text-center\">\n\t<a href=\"https:\/\/www.centromedicolaser.it\/cmlstaging\/unghia-incarnita-firenze\/\">\n\t\t<img src=\"https:\/\/www.centromedicolaser.it\/cmlstaging\/wp-content\/themes\/webag\/templates-default\/img\/t.png\" data-src=\"https:\/\/www.centromedicolaser.it\/cmlstaging\/wp-content\/uploads\/2019\/03\/unghia-incarnita-firenze.jpg\" class=\"img-responsive lazy w-100\" alt=\"Unghia incarnita\">\n\t<\/a>\n\t<div class=\"title\">\n\t\t<a href=\"https:\/\/www.centromedicolaser.it\/cmlstaging\/unghia-incarnita-firenze\/\" class=\"color-white\">\n\t\t\t<h4>Unghia incarnita<\/h4>\n\t\t<\/a>\n\t<\/div>\n<\/div>\t\t\t\t<\/div>\n\t\t\t\t\t<\/div>\n","protected":false},"excerpt":{"rendered":"<p>SALUTE E BELLEZZA PER I TUOI PIEDI Il valore di un piede sano \u00e8 inestimabile. I piedi ci danno stabilit\u00e0, ci permettono di muoverci, sono fondamentali per mantenere una postura corretta. Ecco perch\u00e9 offriamo un servizio completo di podologia a Firenze, grazie al quale potrai scoprire eventuali irregolarit\u00e0 del passo, patologie ortopediche, alterazioni estetiche e [&hellip;]<\/p>\n","protected":false},"author":1,"featured_media":0,"parent":0,"menu_order":31,"comment_status":"closed","ping_status":"closed","template":"","meta":{"inline_featured_image":false,"_links_to":"","_links_to_target":""},"yoast_head":"<!-- This site is optimized with the Yoast SEO plugin v15.7 - https:\/\/yoast.com\/wordpress\/plugins\/seo\/ -->\n<meta name=\"description\" content=\"La podologia ha l\u2019obiettivo di mantenere i tuoi piedi in salute, al centro medico laser puoi eliminare fastidiosi e antiestetici problemi, scopri di pi\u00f9\" \/>\n<meta name=\"robots\" content=\"noindex, follow, max-snippet:-1, max-image-preview:large, max-video-preview:-1\" \/>\n<meta property=\"og:locale\" content=\"it_IT\" \/>\n<meta property=\"og:type\" content=\"article\" \/>\n<meta property=\"og:title\" content=\"Podologia Firenze | Visita podologica Firenze | Centro Medico Laser\" \/>\n<meta property=\"og:description\" content=\"La podologia ha l\u2019obiettivo di mantenere i tuoi piedi in salute, al centro medico laser puoi eliminare fastidiosi e antiestetici problemi, scopri di pi\u00f9\" \/>\n<meta property=\"og:url\" content=\"https:\/\/www.centromedicolaser.it\/cmlstaging\/podologia-firenze\/\" \/>\n<meta property=\"og:site_name\" content=\"Centro Medico Laser\" \/>\n<meta property=\"article:modified_time\" content=\"2022-05-16T09:15:51+00:00\" \/>\n<meta name=\"twitter:card\" content=\"summary_large_image\" \/>\n<meta name=\"twitter:label1\" content=\"Tempo di lettura stimato\">\n\t<meta name=\"twitter:data1\" content=\"1 minuto\">\n<script type=\"application\/ld+json\" class=\"yoast-schema-graph\">{\"@context\":\"https:\/\/schema.org\",\"@graph\":[{\"@type\":\"WebSite\",\"@id\":\"https:\/\/www.centromedicolaser.it\/cmlstaging\/#website\",\"url\":\"https:\/\/www.centromedicolaser.it\/cmlstaging\/\",\"name\":\"Centro Medico Laser\",\"description\":\"Medicina estetica, Laserterapia, Dermatologia.\",\"potentialAction\":[{\"@type\":\"SearchAction\",\"target\":\"https:\/\/www.centromedicolaser.it\/cmlstaging\/?s={search_term_string}\",\"query-input\":\"required name=search_term_string\"}],\"inLanguage\":\"it-IT\"},{\"@type\":\"WebPage\",\"@id\":\"https:\/\/www.centromedicolaser.it\/cmlstaging\/podologia-firenze\/#webpage\",\"url\":\"https:\/\/www.centromedicolaser.it\/cmlstaging\/podologia-firenze\/\",\"name\":\"Podologia Firenze | Visita podologica Firenze | Centro Medico Laser\",\"isPartOf\":{\"@id\":\"https:\/\/www.centromedicolaser.it\/cmlstaging\/#website\"},\"datePublished\":\"2019-02-11T10:32:49+00:00\",\"dateModified\":\"2022-05-16T09:15:51+00:00\",\"description\":\"La podologia ha l\\u2019obiettivo di mantenere i tuoi piedi in salute, al centro medico laser puoi eliminare fastidiosi e antiestetici problemi, scopri di pi\\u00f9\",\"inLanguage\":\"it-IT\",\"potentialAction\":[{\"@type\":\"ReadAction\",\"target\":[\"https:\/\/www.centromedicolaser.it\/cmlstaging\/podologia-firenze\/\"]}]}]}<\/script>\n<!-- \/ Yoast SEO plugin. -->","_links":{"self":[{"href":"https:\/\/www.centromedicolaser.it\/cmlstaging\/wp-json\/wp\/v2\/pages\/179"}],"collection":[{"href":"https:\/\/www.centromedicolaser.it\/cmlstaging\/wp-json\/wp\/v2\/pages"}],"about":[{"href":"https:\/\/www.centromedicolaser.it\/cmlstaging\/wp-json\/wp\/v2\/types\/page"}],"author":[{"embeddable":true,"href":"https:\/\/www.centromedicolaser.it\/cmlstaging\/wp-json\/wp\/v2\/users\/1"}],"replies":[{"embeddable":true,"href":"https:\/\/www.centromedicolaser.it\/cmlstaging\/wp-json\/wp\/v2\/comments?post=179"}],"version-history":[{"count":13,"href":"https:\/\/www.centromedicolaser.it\/cmlstaging\/wp-json\/wp\/v2\/pages\/179\/revisions"}],"predecessor-version":[{"id":2739,"href":"https:\/\/www.centromedicolaser.it\/cmlstaging\/wp-json\/wp\/v2\/pages\/179\/revisions\/2739"}],"wp:attachment":[{"href":"https:\/\/www.centromedicolaser.it\/cmlstaging\/wp-json\/wp\/v2\/media?parent=179"}],"curies":[{"name":"wp","href":"https:\/\/api.w.org\/{rel}","templated":true}]}}