{"id":2506,"date":"2021-07-02T19:06:23","date_gmt":"2021-07-02T17:06:23","guid":{"rendered":"https:\/\/www.centromedicolaser.it\/?page_id=2506"},"modified":"2022-03-23T17:30:22","modified_gmt":"2022-03-23T16:30:22","slug":"rinofiller","status":"publish","type":"page","link":"https:\/\/www.centromedicolaser.it\/cmlstaging\/medicina-estetica-firenze\/trattamenti-viso\/rinofiller\/","title":{"rendered":"Rinofiller"},"content":{"rendered":"\n<figure class=\"wp-block-image size-large\"><img loading=\"lazy\" width=\"1024\" height=\"638\" src=\"https:\/\/www.centromedicolaser.it\/wp-content\/uploads\/2021\/07\/trattamenti-viso-rinofiller-2-1024x638.jpg\" alt=\"\" class=\"wp-image-2541\" srcset=\"https:\/\/www.centromedicolaser.it\/cmlstaging\/wp-content\/uploads\/2021\/07\/trattamenti-viso-rinofiller-2-1024x638.jpg 1024w, https:\/\/www.centromedicolaser.it\/cmlstaging\/wp-content\/uploads\/2021\/07\/trattamenti-viso-rinofiller-2-300x187.jpg 300w, https:\/\/www.centromedicolaser.it\/cmlstaging\/wp-content\/uploads\/2021\/07\/trattamenti-viso-rinofiller-2-768x479.jpg 768w, https:\/\/www.centromedicolaser.it\/cmlstaging\/wp-content\/uploads\/2021\/07\/trattamenti-viso-rinofiller-2-150x94.jpg 150w, https:\/\/www.centromedicolaser.it\/cmlstaging\/wp-content\/uploads\/2021\/07\/trattamenti-viso-rinofiller-2.jpg 1200w\" sizes=\"(max-width: 1024px) 100vw, 1024px\" \/><\/figure>\n\n\n\n<h2>Cos\u2019\u00e8 il rinofiller?<\/h2>\n\n\n\n<p>La tecnica del <strong>rinofiller<\/strong>, consiste in un <strong>trattamento di medicina estetica<\/strong> finalizzato alla <strong>correzione<\/strong> di alcuni difetti e <strong>imperfezioni del naso<\/strong> senza dover ricorrere alla chirurgia<strong> <\/strong>( rinoplastica). . Tramite delle micro-infiltrazioni sottocutanee di <strong>filler <\/strong>composto da acido iarulonico, il medico estetico crea <strong>volumi dove mancano<\/strong> e <strong>corregge le forme<\/strong>, rendendo la forma del naso armonica e proporzionata ai tratti del volto.<\/p>\n\n\n\n<p>Il risultato \u00e8 immediatamente visibile dopo il trattamento ed \u00e8 del tutto naturale, si pu\u00f2 tornare ad una vita sociale immediatamente dopo aver fatto il trattamento.<\/p>\n\n\n\n<h2>Quando si ricorre al rinofiller ?<\/h2>\n\n\n\n<p><strong>Il naso \u00e8 una parte importante del volto ci caratterizza fortemente<\/strong> e pu\u00f2 influire sulla percezioni che abbiamo di noi stessi, influenzandoci anche psicologicamente in caso ci siano delle particolarit\u00e0 ,che avvertiamo come \u201cdifetti\u201d.<\/p>\n\n\n\n<p>Con il<strong> rinofiller<\/strong> possiamo <strong>correggere e migliorare le piccole imperfezioni<\/strong> come:<\/p>\n\n\n\n<ul><li>alzare la <strong>punta del naso<\/strong><\/li><li>alzare la base del naso<\/li><li>correggere la <strong>gobba <\/strong>nel cos\u00ec detto \u201cnaso a sella\u201d<\/li><li>correggere l\u2019assimmetria delle narici<\/li><li>raddrizzare dall\u2019esterno piccole <strong>deviazioni<\/strong> del dorso del naso.<\/li><\/ul>\n\n\n\n<p>Non possono essere corrette invece problematiche funzionali respiratorie, deviazioni importanti del setto nasale, per le quali la soluzione \u00e8 di natura chirurgica.<\/p>\n\n\n\n<h2>Quanto dura l\u2019effetto estetico?<\/h2>\n\n\n\n<p>La sostanza utilizzata per il <strong>rinofiller<\/strong> (acido iarulonico) \u00e8 <strong>biocompatibile<\/strong>, pertanto non crea allergie e viene riassorbita dall\u2019organismo. I risultati, soggettivi, durano comunque nel tempo, <strong>fino ad un anno<\/strong> e <strong>se il trattamento viene ripetuto ad intervalli di tempo sempre pi\u00f9 lunghi<\/strong>, il risultato tende a stabilizzarsi.<\/p>\n\n\n\n<p>Il <strong>rinofiller <\/strong>deve essere effettuato da un medico esperto in quanto prevede un grado di difficolt\u00e0 certamente superiore ad altre tipologie di filler.<\/p>\n\n\n\n<h2>Cosa fare dopo il rinofiller?<\/h2>\n\n\n\n<p>Si pu\u00f2 tornare a svolgere le normali attivit\u00e0 quotidiane, avendo la precauzione di <strong>non prendere colpi nella zona trattata<\/strong> ,di <strong>toccare o strofinare il naso<\/strong>, pertanto non \u00e8 consigliabile effettuare attivit\u00e0 sportiva, subito dopo o nei giorni immediatamente successivi.<\/p>\n\n\n\n<h2>I vantaggi del Rinofiller<\/h2>\n\n\n\n<p>Dopo il <strong>rinofiller <\/strong>il <strong>naso sar\u00e0 naturale, perfettamente in sintonia con i tratti somatici del volto<\/strong> e non avr\u00e0 quell\u2019effetto di \u201cnaso rifatto\u201d che spesso \u00e8 visibile dopo una rinoplastica.<\/p>\n\n\n\n<p>E\u2019 un trattamento ambulatoriale della durata di circa 30\/40 minuti, minimamente doloroso e non \u00e8 costoso.<\/p>\n\n\n\n<p>E&#8217; un trattamento riassorbibile, pertanto eventualmente \u00e8 possibile tornare all&#8217;aspetto originario.<\/p>\n\n\n\n<div style=\"height:30px\" aria-hidden=\"true\" class=\"wp-block-spacer\"><\/div>\n\n\n\n<p>Vuoi sapere se il Rinofiller \u00e8 indicato nel tuo caso?<br>Prenota una visita di medicina estetica gratuita a Firenze chiamando il numero verde 800 108 433<br>o scrivici su WhatsApp al numero 388 62 32 023 oppure invia una richiesta dal <a href=\"javascript:void(0)\" data-toggle=\"modal\" data-target=\"#contactModal\" rel=\"noopener noreferrer\">modulo di contatto<\/a><\/p>\n\n\n\n<div style=\"height:31px\" aria-hidden=\"true\" class=\"wp-block-spacer\"><\/div>\n\n\n\n<figure class=\"wp-block-image size-large\"><img loading=\"lazy\" width=\"800\" height=\"800\" src=\"https:\/\/www.centromedicolaser.it\/wp-content\/uploads\/2022\/03\/rinofiller-1-logo-cml.jpg\" alt=\"\" class=\"wp-image-2718\" srcset=\"https:\/\/www.centromedicolaser.it\/cmlstaging\/wp-content\/uploads\/2022\/03\/rinofiller-1-logo-cml.jpg 800w, https:\/\/www.centromedicolaser.it\/cmlstaging\/wp-content\/uploads\/2022\/03\/rinofiller-1-logo-cml-300x300.jpg 300w, https:\/\/www.centromedicolaser.it\/cmlstaging\/wp-content\/uploads\/2022\/03\/rinofiller-1-logo-cml-150x150.jpg 150w, https:\/\/www.centromedicolaser.it\/cmlstaging\/wp-content\/uploads\/2022\/03\/rinofiller-1-logo-cml-768x768.jpg 768w\" sizes=\"(max-width: 800px) 100vw, 800px\" \/><\/figure>\n\n\n\n<figure class=\"wp-block-image size-large\"><img loading=\"lazy\" width=\"800\" height=\"800\" src=\"https:\/\/www.centromedicolaser.it\/wp-content\/uploads\/2022\/03\/rinofiller-3-logo-cml.jpg\" alt=\"\" class=\"wp-image-2719\" srcset=\"https:\/\/www.centromedicolaser.it\/cmlstaging\/wp-content\/uploads\/2022\/03\/rinofiller-3-logo-cml.jpg 800w, https:\/\/www.centromedicolaser.it\/cmlstaging\/wp-content\/uploads\/2022\/03\/rinofiller-3-logo-cml-300x300.jpg 300w, https:\/\/www.centromedicolaser.it\/cmlstaging\/wp-content\/uploads\/2022\/03\/rinofiller-3-logo-cml-150x150.jpg 150w, https:\/\/www.centromedicolaser.it\/cmlstaging\/wp-content\/uploads\/2022\/03\/rinofiller-3-logo-cml-768x768.jpg 768w\" sizes=\"(max-width: 800px) 100vw, 800px\" \/><\/figure>\n\n\n\n<figure class=\"wp-block-image size-large\"><img loading=\"lazy\" width=\"800\" height=\"800\" src=\"https:\/\/www.centromedicolaser.it\/wp-content\/uploads\/2022\/03\/rinofiller-2-logo-cml.jpg\" alt=\"\" class=\"wp-image-2720\" srcset=\"https:\/\/www.centromedicolaser.it\/cmlstaging\/wp-content\/uploads\/2022\/03\/rinofiller-2-logo-cml.jpg 800w, https:\/\/www.centromedicolaser.it\/cmlstaging\/wp-content\/uploads\/2022\/03\/rinofiller-2-logo-cml-300x300.jpg 300w, https:\/\/www.centromedicolaser.it\/cmlstaging\/wp-content\/uploads\/2022\/03\/rinofiller-2-logo-cml-150x150.jpg 150w, https:\/\/www.centromedicolaser.it\/cmlstaging\/wp-content\/uploads\/2022\/03\/rinofiller-2-logo-cml-768x768.jpg 768w\" sizes=\"(max-width: 800px) 100vw, 800px\" \/><\/figure>\n","protected":false},"excerpt":{"rendered":"<p>Cos\u2019\u00e8 il rinofiller? La tecnica del rinofiller, consiste in un trattamento di medicina estetica finalizzato alla correzione di alcuni difetti e imperfezioni del naso senza dover ricorrere alla chirurgia ( rinoplastica). . Tramite delle micro-infiltrazioni sottocutanee di filler composto da acido iarulonico, il medico estetico crea volumi dove mancano e corregge le forme, rendendo la [&hellip;]<\/p>\n","protected":false},"author":3,"featured_media":2541,"parent":86,"menu_order":0,"comment_status":"closed","ping_status":"closed","template":"templates-custom\/tpl-trattamento.php","meta":{"inline_featured_image":false,"_links_to":"","_links_to_target":""},"yoast_head":"<!-- This site is optimized with the Yoast SEO plugin v15.7 - https:\/\/yoast.com\/wordpress\/plugins\/seo\/ -->\n<meta name=\"robots\" content=\"noindex, follow, max-snippet:-1, max-image-preview:large, max-video-preview:-1\" \/>\n<meta property=\"og:locale\" content=\"it_IT\" \/>\n<meta property=\"og:type\" content=\"article\" \/>\n<meta property=\"og:title\" content=\"Rinofiller - Centro Medico Laser\" \/>\n<meta property=\"og:description\" content=\"Cos\u2019\u00e8 il rinofiller? La tecnica del rinofiller, consiste in un trattamento di medicina estetica finalizzato alla correzione di alcuni difetti e imperfezioni del naso senza dover ricorrere alla chirurgia ( rinoplastica). . Tramite delle micro-infiltrazioni sottocutanee di filler composto da acido iarulonico, il medico estetico crea volumi dove mancano e corregge le forme, rendendo la [&hellip;]\" \/>\n<meta property=\"og:url\" content=\"https:\/\/www.centromedicolaser.it\/cmlstaging\/medicina-estetica-firenze\/trattamenti-viso\/rinofiller\/\" \/>\n<meta property=\"og:site_name\" content=\"Centro Medico Laser\" \/>\n<meta property=\"article:modified_time\" content=\"2022-03-23T16:30:22+00:00\" \/>\n<meta property=\"og:image\" content=\"https:\/\/www.centromedicolaser.it\/cmlstaging\/wp-content\/uploads\/2021\/07\/trattamenti-viso-rinofiller-2.jpg\" \/>\n\t<meta property=\"og:image:width\" content=\"1200\" \/>\n\t<meta property=\"og:image:height\" content=\"748\" \/>\n<meta name=\"twitter:card\" content=\"summary_large_image\" \/>\n<meta name=\"twitter:label1\" content=\"Tempo di lettura stimato\">\n\t<meta name=\"twitter:data1\" content=\"3 minuti\">\n<script type=\"application\/ld+json\" class=\"yoast-schema-graph\">{\"@context\":\"https:\/\/schema.org\",\"@graph\":[{\"@type\":\"WebSite\",\"@id\":\"https:\/\/www.centromedicolaser.it\/cmlstaging\/#website\",\"url\":\"https:\/\/www.centromedicolaser.it\/cmlstaging\/\",\"name\":\"Centro Medico Laser\",\"description\":\"Medicina estetica, Laserterapia, Dermatologia.\",\"potentialAction\":[{\"@type\":\"SearchAction\",\"target\":\"https:\/\/www.centromedicolaser.it\/cmlstaging\/?s={search_term_string}\",\"query-input\":\"required name=search_term_string\"}],\"inLanguage\":\"it-IT\"},{\"@type\":\"ImageObject\",\"@id\":\"https:\/\/www.centromedicolaser.it\/cmlstaging\/medicina-estetica-firenze\/trattamenti-viso\/rinofiller\/#primaryimage\",\"inLanguage\":\"it-IT\",\"url\":\"https:\/\/www.centromedicolaser.it\/cmlstaging\/wp-content\/uploads\/2021\/07\/trattamenti-viso-rinofiller-2.jpg\",\"width\":1200,\"height\":748},{\"@type\":\"WebPage\",\"@id\":\"https:\/\/www.centromedicolaser.it\/cmlstaging\/medicina-estetica-firenze\/trattamenti-viso\/rinofiller\/#webpage\",\"url\":\"https:\/\/www.centromedicolaser.it\/cmlstaging\/medicina-estetica-firenze\/trattamenti-viso\/rinofiller\/\",\"name\":\"Rinofiller - Centro Medico Laser\",\"isPartOf\":{\"@id\":\"https:\/\/www.centromedicolaser.it\/cmlstaging\/#website\"},\"primaryImageOfPage\":{\"@id\":\"https:\/\/www.centromedicolaser.it\/cmlstaging\/medicina-estetica-firenze\/trattamenti-viso\/rinofiller\/#primaryimage\"},\"datePublished\":\"2021-07-02T17:06:23+00:00\",\"dateModified\":\"2022-03-23T16:30:22+00:00\",\"inLanguage\":\"it-IT\",\"potentialAction\":[{\"@type\":\"ReadAction\",\"target\":[\"https:\/\/www.centromedicolaser.it\/cmlstaging\/medicina-estetica-firenze\/trattamenti-viso\/rinofiller\/\"]}]}]}<\/script>\n<!-- \/ Yoast SEO plugin. -->","_links":{"self":[{"href":"https:\/\/www.centromedicolaser.it\/cmlstaging\/wp-json\/wp\/v2\/pages\/2506"}],"collection":[{"href":"https:\/\/www.centromedicolaser.it\/cmlstaging\/wp-json\/wp\/v2\/pages"}],"about":[{"href":"https:\/\/www.centromedicolaser.it\/cmlstaging\/wp-json\/wp\/v2\/types\/page"}],"author":[{"embeddable":true,"href":"https:\/\/www.centromedicolaser.it\/cmlstaging\/wp-json\/wp\/v2\/users\/3"}],"replies":[{"embeddable":true,"href":"https:\/\/www.centromedicolaser.it\/cmlstaging\/wp-json\/wp\/v2\/comments?post=2506"}],"version-history":[{"count":22,"href":"https:\/\/www.centromedicolaser.it\/cmlstaging\/wp-json\/wp\/v2\/pages\/2506\/revisions"}],"predecessor-version":[{"id":2731,"href":"https:\/\/www.centromedicolaser.it\/cmlstaging\/wp-json\/wp\/v2\/pages\/2506\/revisions\/2731"}],"up":[{"embeddable":true,"href":"https:\/\/www.centromedicolaser.it\/cmlstaging\/wp-json\/wp\/v2\/pages\/86"}],"wp:featuredmedia":[{"embeddable":true,"href":"https:\/\/www.centromedicolaser.it\/cmlstaging\/wp-json\/wp\/v2\/media\/2541"}],"wp:attachment":[{"href":"https:\/\/www.centromedicolaser.it\/cmlstaging\/wp-json\/wp\/v2\/media?parent=2506"}],"curies":[{"name":"wp","href":"https:\/\/api.w.org\/{rel}","templated":true}]}}