{"id":658,"date":"2019-02-21T16:27:36","date_gmt":"2019-02-21T15:27:36","guid":{"rendered":"http:\/\/centromedicolaser.webag.it\/?page_id=658"},"modified":"2019-03-20T12:16:54","modified_gmt":"2019-03-20T11:16:54","slug":"mappatura-dei-nei","status":"publish","type":"page","link":"https:\/\/www.centromedicolaser.it\/cmlstaging\/mappatura-nei-firenze\/","title":{"rendered":"Mappatura dei nei"},"content":{"rendered":"\n<figure class=\"wp-block-image\"><img loading=\"lazy\" width=\"1000\" height=\"600\" src=\"https:\/\/www.centromedicolaser.it\/wp-content\/uploads\/2019\/03\/dermatologia-mappa-nei-firenze.jpg\" alt=\"\" class=\"wp-image-1410\" srcset=\"https:\/\/www.centromedicolaser.it\/cmlstaging\/wp-content\/uploads\/2019\/03\/dermatologia-mappa-nei-firenze.jpg 1000w, https:\/\/www.centromedicolaser.it\/cmlstaging\/wp-content\/uploads\/2019\/03\/dermatologia-mappa-nei-firenze-300x180.jpg 300w, https:\/\/www.centromedicolaser.it\/cmlstaging\/wp-content\/uploads\/2019\/03\/dermatologia-mappa-nei-firenze-768x461.jpg 768w, https:\/\/www.centromedicolaser.it\/cmlstaging\/wp-content\/uploads\/2019\/03\/dermatologia-mappa-nei-firenze-150x90.jpg 150w\" sizes=\"(max-width: 1000px) 100vw, 1000px\" \/><\/figure>\n\n\n\n<p>I nei sono delle lesioni pigmentate benigne che nel corso degli anni crescono, maturano e invecchiano diventando sempre pi\u00f9 chiari. Durante la loro evoluzione, per\u00f2, possono manifestarsi delle irregolarit\u00e0 e per questo \u00e8 consigliato eseguire la Mappatura dei nei per avere sempre la situazione sotto controllo.<br><\/p>\n\n\n\n<p>La <strong>comparsa dei nei <\/strong>dipende da un <strong>mix di fattori <\/strong>come l&#8217;et\u00e0, l&#8217;ereditariet\u00e0, la predisposizione genetica e lo stile di vita.<br><\/p>\n\n\n\n<p>I <strong>cambiamenti<\/strong> dei nei sono <strong>fisiologici<\/strong>: il neo cresce, matura, resta stabile per anni e infine invecchia perdendo gran parte della sua colorazione. Tuttavia, a volte, questi <strong>cambiamenti sono repentini<\/strong> e il neo inizia ad assumere forme irregolari e strane caratteristiche. <br><\/p>\n\n\n\n<p>Per avere sempre la situazione sotto controllo e monitorare le caratteristiche e le eventuali anomalie dei nei, \u00e8 utile sottoporsi regolarmente a un controllo di <strong>dermatoscopia<\/strong>, &nbsp;che nel linguaggio comune viene anche chiamata <strong>Mappatura dei nei.<\/strong><br><\/p>\n\n\n\n<p>Il nostro centro medico \u00e8 dotato delle migliori apparecchiature e di uno staff medico esperto nell\u2019eseguire la <strong>Mappatura dei nei a Firenze<\/strong>.<br><\/p>\n\n\n\n<h2><strong>Perch\u00e9 fare una Mappatura dei nei?<\/strong><br><\/h2>\n\n\n\n<p>Fare una Mappatura dei nei \u00e8 utile per rassicurarsi sullo stato di salute della nostra pelle e per scoprire in tempo l\u2019eventuale presenza di melanomi o neoplasie.<br><\/p>\n\n\n\n<p>In particolare, le trasformazioni di un neo che dovrebbero allarmare sono: <\/p>\n\n\n\n<ul><li><strong>asimmetria <\/strong>(i contorni del neo sono irregolari e non ben definiti);<\/li><li><strong>anomalie nei bordi<\/strong> (i bordi sono frastagliati e presentano delle irregolarit\u00e0);<\/li><li><strong>variazione di colore<\/strong> (possono essere di diversi colori dal rosa, al rosso al nero);<\/li><li><strong>eccessiva grandezza<\/strong> (il neo ha una grandezza maggiore di 6 mm);<\/li><li><strong>evoluzione<\/strong> (il neo tende a crescere, ad allargarsi e a cambiare colore).<\/li><\/ul>\n\n\n\n<h2><strong>Come si svolge una dermatoscopia?<\/strong><br><\/h2>\n\n\n\n<p>La<strong> mappatura dei nei<\/strong> prevede una<strong> valutazione iniziale ad occhio nudo<\/strong>, in quel momento il medico osserver\u00e0 le lesioni pi\u00f9 grandi e pi\u00f9 preoccupanti.<br><\/p>\n\n\n\n<p>Dopodich\u00e9, se necessario, potrebbe avvalersi del <strong>dermatoscopio<\/strong>, uno strumento che funziona come una<strong> lente di ingrandimento<\/strong>.<br><\/p>\n\n\n\n<p>Il dermatoscopio permette di <strong>ingrandire l&#8217;immagine<\/strong> del neo <strong>dalle 10 alla 20 volte<\/strong>permettendo al medico di <strong>osservare<\/strong> molto attentamente e <strong>con pi\u00f9 precisione<\/strong> la lesione sospetta.<br><\/p>\n\n\n\n<p>L&#8217;esame pu\u00f2 durare <strong>circa 20 minuti ed \u00e8 indolore <\/strong>per il paziente.<br><\/p>\n\n\n\n<h2><strong>Quali sono i risultati Mappatura dei nei?<\/strong><br><\/h2>\n\n\n\n<p>Permette di valutare eventuali anomalie e di tenere sotto controllo nei sospetti. I nei, infatti, vengono registrati  in base alle <strong>loro caratteristiche<\/strong> come grandezza, colore, tipologia del bordo. <br><\/p>\n\n\n\n<p>La Mappatura dei nei \u00e8 un&#8217;indagine diagnostica che va <strong>ripetuta <\/strong>annualmente o <strong>secondo le indicazione del medico <\/strong>ma tra una visita e l&#8217;altra \u00e8 fondamentale l&#8217;autocontrollo.<br><\/p>\n\n\n\n<p>A seconda di quanto rilevato, il medico pu\u00f2 decidere di <strong>rimuovere le lesioni sospette<\/strong>. Presso il nostro centro medico \u00e8 disponibile un <strong>ambulatorio chirurgico<\/strong> dove \u00e8 possibile effettuare interventi di <strong>Laser chirurgia dermatologica<\/strong> e piccole operazioni con<strong> tecnica classica<\/strong>.<br><\/p>\n\n\n\n<h2><strong>Quali sono i vantaggi della Mappatura dei nei?<\/strong><\/h2>\n\n\n\n<ul><li>Esame non invasivo per l&#8217;individuazione precoce dei tumori della pelle (melanomi, neoplasie);<\/li><li>Permette di fare una prevenzione attiva tenendo sotto controllo situazioni considerate a rischio.<\/li><\/ul>\n","protected":false},"excerpt":{"rendered":"<p>I nei sono delle lesioni pigmentate benigne che nel corso degli anni [\u2026]<\/p>\n","protected":false},"author":2,"featured_media":1412,"parent":176,"menu_order":24,"comment_status":"closed","ping_status":"closed","template":"templates-custom\/tpl-trattamento.php","meta":{"inline_featured_image":false,"_links_to":"","_links_to_target":""},"yoast_head":"<!-- This site is optimized with the Yoast SEO plugin v15.7 - https:\/\/yoast.com\/wordpress\/plugins\/seo\/ -->\n<meta name=\"description\" content=\"Mappatura dei nei (dermatoscopia) per conoscere lo stato di salute dei nei, monitorare le situazioni a rischio e individuare precocemente melanomi e neoplasie\" \/>\n<meta name=\"robots\" content=\"noindex, follow, max-snippet:-1, max-image-preview:large, max-video-preview:-1\" \/>\n<meta property=\"og:locale\" content=\"it_IT\" \/>\n<meta property=\"og:type\" content=\"article\" \/>\n<meta property=\"og:title\" content=\"Mappatura nei Firenze | Dermatoscopia Firenze | Centro Medico Laser\" \/>\n<meta property=\"og:description\" content=\"Mappatura dei nei (dermatoscopia) per conoscere lo stato di salute dei nei, monitorare le situazioni a rischio e individuare precocemente melanomi e neoplasie\" \/>\n<meta property=\"og:url\" content=\"https:\/\/www.centromedicolaser.it\/cmlstaging\/mappatura-nei-firenze\/\" \/>\n<meta property=\"og:site_name\" content=\"Centro Medico Laser\" \/>\n<meta property=\"article:modified_time\" content=\"2019-03-20T11:16:54+00:00\" \/>\n<meta property=\"og:image\" content=\"https:\/\/www.centromedicolaser.it\/cmlstaging\/wp-content\/uploads\/2019\/03\/mappatura-nei-firenze.jpg\" \/>\n\t<meta property=\"og:image:width\" content=\"650\" \/>\n\t<meta property=\"og:image:height\" content=\"405\" \/>\n<meta name=\"twitter:card\" content=\"summary_large_image\" \/>\n<meta name=\"twitter:label1\" content=\"Tempo di lettura stimato\">\n\t<meta name=\"twitter:data1\" content=\"2 minuti\">\n<script type=\"application\/ld+json\" class=\"yoast-schema-graph\">{\"@context\":\"https:\/\/schema.org\",\"@graph\":[{\"@type\":\"WebSite\",\"@id\":\"https:\/\/www.centromedicolaser.it\/cmlstaging\/#website\",\"url\":\"https:\/\/www.centromedicolaser.it\/cmlstaging\/\",\"name\":\"Centro Medico Laser\",\"description\":\"Medicina estetica, Laserterapia, Dermatologia.\",\"potentialAction\":[{\"@type\":\"SearchAction\",\"target\":\"https:\/\/www.centromedicolaser.it\/cmlstaging\/?s={search_term_string}\",\"query-input\":\"required name=search_term_string\"}],\"inLanguage\":\"it-IT\"},{\"@type\":\"ImageObject\",\"@id\":\"https:\/\/www.centromedicolaser.it\/cmlstaging\/mappatura-nei-firenze\/#primaryimage\",\"inLanguage\":\"it-IT\",\"url\":\"https:\/\/www.centromedicolaser.it\/cmlstaging\/wp-content\/uploads\/2019\/03\/mappatura-nei-firenze.jpg\",\"width\":650,\"height\":405},{\"@type\":\"WebPage\",\"@id\":\"https:\/\/www.centromedicolaser.it\/cmlstaging\/mappatura-nei-firenze\/#webpage\",\"url\":\"https:\/\/www.centromedicolaser.it\/cmlstaging\/mappatura-nei-firenze\/\",\"name\":\"Mappatura nei Firenze | Dermatoscopia Firenze | Centro Medico Laser\",\"isPartOf\":{\"@id\":\"https:\/\/www.centromedicolaser.it\/cmlstaging\/#website\"},\"primaryImageOfPage\":{\"@id\":\"https:\/\/www.centromedicolaser.it\/cmlstaging\/mappatura-nei-firenze\/#primaryimage\"},\"datePublished\":\"2019-02-21T15:27:36+00:00\",\"dateModified\":\"2019-03-20T11:16:54+00:00\",\"description\":\"Mappatura dei nei (dermatoscopia) per conoscere lo stato di salute dei nei, monitorare le situazioni a rischio e individuare precocemente melanomi e neoplasie\",\"inLanguage\":\"it-IT\",\"potentialAction\":[{\"@type\":\"ReadAction\",\"target\":[\"https:\/\/www.centromedicolaser.it\/cmlstaging\/mappatura-nei-firenze\/\"]}]}]}<\/script>\n<!-- \/ Yoast SEO plugin. -->","_links":{"self":[{"href":"https:\/\/www.centromedicolaser.it\/cmlstaging\/wp-json\/wp\/v2\/pages\/658"}],"collection":[{"href":"https:\/\/www.centromedicolaser.it\/cmlstaging\/wp-json\/wp\/v2\/pages"}],"about":[{"href":"https:\/\/www.centromedicolaser.it\/cmlstaging\/wp-json\/wp\/v2\/types\/page"}],"author":[{"embeddable":true,"href":"https:\/\/www.centromedicolaser.it\/cmlstaging\/wp-json\/wp\/v2\/users\/2"}],"replies":[{"embeddable":true,"href":"https:\/\/www.centromedicolaser.it\/cmlstaging\/wp-json\/wp\/v2\/comments?post=658"}],"version-history":[{"count":16,"href":"https:\/\/www.centromedicolaser.it\/cmlstaging\/wp-json\/wp\/v2\/pages\/658\/revisions"}],"predecessor-version":[{"id":1478,"href":"https:\/\/www.centromedicolaser.it\/cmlstaging\/wp-json\/wp\/v2\/pages\/658\/revisions\/1478"}],"up":[{"embeddable":true,"href":"https:\/\/www.centromedicolaser.it\/cmlstaging\/wp-json\/wp\/v2\/pages\/176"}],"wp:featuredmedia":[{"embeddable":true,"href":"https:\/\/www.centromedicolaser.it\/cmlstaging\/wp-json\/wp\/v2\/media\/1412"}],"wp:attachment":[{"href":"https:\/\/www.centromedicolaser.it\/cmlstaging\/wp-json\/wp\/v2\/media?parent=658"}],"curies":[{"name":"wp","href":"https:\/\/api.w.org\/{rel}","templated":true}]}}