{"id":928,"date":"2019-02-26T12:12:45","date_gmt":"2019-02-26T11:12:45","guid":{"rendered":"http:\/\/centromedicolaser.webag.it\/?page_id=928"},"modified":"2019-04-01T14:57:05","modified_gmt":"2019-04-01T12:57:05","slug":"rimozione-macchie-pelle-firenze","status":"publish","type":"page","link":"https:\/\/www.centromedicolaser.it\/cmlstaging\/rimozione-macchie-pelle-firenze\/","title":{"rendered":"Rimozione macchie"},"content":{"rendered":"\n<figure class=\"wp-block-image\"><img loading=\"lazy\" width=\"1000\" height=\"600\" src=\"https:\/\/www.centromedicolaser.it\/wp-content\/uploads\/2019\/04\/rimozione.macchie-laser-firenze.jpg\" alt=\"\" class=\"wp-image-1567\" srcset=\"https:\/\/www.centromedicolaser.it\/cmlstaging\/wp-content\/uploads\/2019\/04\/rimozione.macchie-laser-firenze.jpg 1000w, https:\/\/www.centromedicolaser.it\/cmlstaging\/wp-content\/uploads\/2019\/04\/rimozione.macchie-laser-firenze-300x180.jpg 300w, https:\/\/www.centromedicolaser.it\/cmlstaging\/wp-content\/uploads\/2019\/04\/rimozione.macchie-laser-firenze-768x461.jpg 768w, https:\/\/www.centromedicolaser.it\/cmlstaging\/wp-content\/uploads\/2019\/04\/rimozione.macchie-laser-firenze-150x90.jpg 150w\" sizes=\"(max-width: 1000px) 100vw, 1000px\" \/><\/figure>\n\n\n\n<p>Invecchiamento cutaneo, squilibri ormonali, cattiva distribuzione della melatonina sono tra possibili cause delle <strong>macchie sulla pelle<\/strong>. La Rimozione macchie \u00e8 il trattamento non invasivo e di breve durata per donare alla pelle del viso una nuova giovinezza migliorando elasticit\u00e0 e tono della cute.<br><\/p>\n\n\n\n<p>Nei <strong>punti di maggior fotoesposizione<\/strong> della pelle come i<strong>l viso, le mani e il d\u00e9collet\u00e9 <\/strong>possono comparire delle <strong>lesioni cutanee<\/strong> dall\u2019aspetto bruno e dalla forma tondeggiante. <br><\/p>\n\n\n\n<p>Per avere di nuovo una texture della pelle uniforme e luminosa<strong> <\/strong>\u00e8 possibile ricorrere alla Rimozione macchie, una tecnica non invasiva e non ablativa che permette nell\u2019arco di poche sedute di <strong>eliminare le lentigo solari, i capillari, gli angiomi, la couperose e le rosacee<\/strong>.<br><\/p>\n\n\n\n<p>Il nostro centro medico \u00e8 una delle strutture pi\u00f9 attrezzate per eseguire con successo trattamenti di <strong>Rimozione macchie a Firenze<\/strong>.<br><\/p>\n\n\n\n<h2><strong>Perch\u00e9 ricorrere a questo trattamento?<\/strong><br><\/h2>\n\n\n\n<p>La Rimozione macchie \u00e8 un <strong>trattamento ambulatoriale, indolore e non invasivo<\/strong> che permette in poche sedute di eliminare le macchie cutanee sfruttando la potenza della <strong>luce pulsata (IPL) o del laser Q-switched. <\/strong><br><\/p>\n\n\n\n<p>Entrambi i macchinari innescano un meccanismo in grado di <strong>migliorare il tono cutaneo ed eliminare le macchie <\/strong>stimolando la produzione di collagene e di fibre elastiche.<br><\/p>\n\n\n\n<h2><strong>Come funziona la Rimozione macchie?<\/strong><br><\/h2>\n\n\n\n<p>Le sedute di Rimozione macchie cutanee avvengono in ambulatorio e <strong>non prevedono anestesia<\/strong> ma il medico pu\u00f2 decidere di applicare una crema lievemente anestetica o una lieve sedazione.<br><\/p>\n\n\n\n<p>Il <strong>trattamento pu\u00f2 durare dai 20 ai 45 minuti<\/strong>, a seconda dell\u2019area anatomica da trattare e dal tipo di strumento utilizzato.<br><\/p>\n\n\n\n<p>Dopo il <strong>trattamento con luce pulsata<\/strong> non \u00e8 necessario seguire particolari terapie ed \u00e8 possibile riprendere la propria quotidianit\u00e0. Entro qualche giorno le macchie tendono a schiarirsi pian piano. Per ottenere dei buoni risultati \u00e8 necessario ripetere il trattamento per 2 o 3 sedute a intervalli di due settimane.<\/p>\n\n\n\n<p>Il <strong>trattamento con il laser Q-switched <\/strong>prevede 2 \/3 sedute eseguite a 40 giorni di distanza. Nei 5\/7 giorni successivi alla rimozione della macchia con il laser \u00e8 possibile notare la formazione di alcune piccole crosticine che sono destinate a scomparire entro pochi giorni dal trattamento.<\/p>\n\n\n\n<h2><strong>Dove si effettua la Rimozione macchie<\/strong><\/h2>\n\n\n\n<p>La Rimozione macchie con laser viene applicata a:<\/p>\n\n\n\n<ul><li>viso; <\/li><li>collo;<\/li><li>decollet\u00e8.<\/li><\/ul>\n\n\n\n<h2><strong>Quanto dura l\u2019effetto estetico?<\/strong><\/h2>\n\n\n\n<p>Per ottenere dei buoni risultati \u00e8 necessario sottoporsi a pi\u00f9 sedute. I <strong>miglioramenti <\/strong>sono progressivi e possono mantenersi<strong> stabili per molti anni<\/strong>.<br><\/p>\n\n\n\n<h2><strong>I vantaggi della Rimozione macchie<\/strong>:<\/h2>\n\n\n\n<ul><li>Pelle pi\u00f9 tonica ed elastica;<\/li><li>Trattamento indolore;<\/li><li>Non ha effetti collaterali. <\/li><\/ul>\n\n\n\n<h2 style=\"text-align:center\"><strong>Vuoi sapere se la Rimozione macchie \u00e8 indicata nel tuo caso? <\/strong><br><\/h2>\n\n\n\n<p>Prenota una <strong>visita di medicina estetica gratuita<\/strong> <strong>a Firenze<\/strong> chiamando il numero verde 800 108 433<br> o scrivici su WhatsApp al numero 388 62 32 023 oppure invia una richiesta dal <a href=\"javascript:void(0)\" data-toggle=\"modal\" data-target=\"#contactModal\" rel=\"noopener noreferrer\">modulo di contatto<\/a><br><\/p>\n","protected":false},"excerpt":{"rendered":"<p>Invecchiamento cutaneo, squilibri ormonali, cattiva distribuzione della melatonina sono tra possibili cause delle macchie sulla pelle. La Rimozione macchie \u00e8 il trattamento non invasivo e di breve durata per donare alla pelle del viso una nuova giovinezza migliorando elasticit\u00e0 e tono della cute. Nei punti di maggior fotoesposizione della pelle come il viso, le mani [&hellip;]<\/p>\n","protected":false},"author":2,"featured_media":929,"parent":86,"menu_order":37,"comment_status":"closed","ping_status":"closed","template":"templates-custom\/tpl-trattamento.php","meta":{"inline_featured_image":false,"_links_to":"","_links_to_target":""},"yoast_head":"<!-- This site is optimized with the Yoast SEO plugin v15.7 - https:\/\/yoast.com\/wordpress\/plugins\/seo\/ -->\n<meta name=\"description\" content=\"La rimozione macchie pelle \u00e8 un trattamento estetico indolore e non invasivo per eliminare lentigo, couperose, rosacee e migliorare la qualit\u00e0 del tono cutaneo\" \/>\n<meta name=\"robots\" content=\"noindex, follow, max-snippet:-1, max-image-preview:large, max-video-preview:-1\" \/>\n<meta property=\"og:locale\" content=\"it_IT\" \/>\n<meta property=\"og:type\" content=\"article\" \/>\n<meta property=\"og:title\" content=\"Rimozione macchie pelle Firenze | Centro Medico Laser\" \/>\n<meta property=\"og:description\" content=\"La rimozione macchie pelle \u00e8 un trattamento estetico indolore e non invasivo per eliminare lentigo, couperose, rosacee e migliorare la qualit\u00e0 del tono cutaneo\" \/>\n<meta property=\"og:url\" content=\"https:\/\/www.centromedicolaser.it\/cmlstaging\/rimozione-macchie-pelle-firenze\/\" \/>\n<meta property=\"og:site_name\" content=\"Centro Medico Laser\" \/>\n<meta property=\"article:modified_time\" content=\"2019-04-01T12:57:05+00:00\" \/>\n<meta property=\"og:image\" content=\"https:\/\/www.centromedicolaser.it\/cmlstaging\/wp-content\/uploads\/2019\/02\/rimozione-macchie.jpg\" \/>\n\t<meta property=\"og:image:width\" content=\"650\" \/>\n\t<meta property=\"og:image:height\" content=\"405\" \/>\n<meta name=\"twitter:card\" content=\"summary_large_image\" \/>\n<meta name=\"twitter:label1\" content=\"Tempo di lettura stimato\">\n\t<meta name=\"twitter:data1\" content=\"2 minuti\">\n<script type=\"application\/ld+json\" class=\"yoast-schema-graph\">{\"@context\":\"https:\/\/schema.org\",\"@graph\":[{\"@type\":\"WebSite\",\"@id\":\"https:\/\/www.centromedicolaser.it\/cmlstaging\/#website\",\"url\":\"https:\/\/www.centromedicolaser.it\/cmlstaging\/\",\"name\":\"Centro Medico Laser\",\"description\":\"Medicina estetica, Laserterapia, Dermatologia.\",\"potentialAction\":[{\"@type\":\"SearchAction\",\"target\":\"https:\/\/www.centromedicolaser.it\/cmlstaging\/?s={search_term_string}\",\"query-input\":\"required name=search_term_string\"}],\"inLanguage\":\"it-IT\"},{\"@type\":\"ImageObject\",\"@id\":\"https:\/\/www.centromedicolaser.it\/cmlstaging\/rimozione-macchie-pelle-firenze\/#primaryimage\",\"inLanguage\":\"it-IT\",\"url\":\"https:\/\/www.centromedicolaser.it\/cmlstaging\/wp-content\/uploads\/2019\/02\/rimozione-macchie.jpg\",\"width\":650,\"height\":405},{\"@type\":\"WebPage\",\"@id\":\"https:\/\/www.centromedicolaser.it\/cmlstaging\/rimozione-macchie-pelle-firenze\/#webpage\",\"url\":\"https:\/\/www.centromedicolaser.it\/cmlstaging\/rimozione-macchie-pelle-firenze\/\",\"name\":\"Rimozione macchie pelle Firenze | Centro Medico Laser\",\"isPartOf\":{\"@id\":\"https:\/\/www.centromedicolaser.it\/cmlstaging\/#website\"},\"primaryImageOfPage\":{\"@id\":\"https:\/\/www.centromedicolaser.it\/cmlstaging\/rimozione-macchie-pelle-firenze\/#primaryimage\"},\"datePublished\":\"2019-02-26T11:12:45+00:00\",\"dateModified\":\"2019-04-01T12:57:05+00:00\",\"description\":\"La rimozione macchie pelle \\u00e8 un trattamento estetico indolore e non invasivo per eliminare lentigo, couperose, rosacee e migliorare la qualit\\u00e0 del tono cutaneo\",\"inLanguage\":\"it-IT\",\"potentialAction\":[{\"@type\":\"ReadAction\",\"target\":[\"https:\/\/www.centromedicolaser.it\/cmlstaging\/rimozione-macchie-pelle-firenze\/\"]}]}]}<\/script>\n<!-- \/ Yoast SEO plugin. -->","_links":{"self":[{"href":"https:\/\/www.centromedicolaser.it\/cmlstaging\/wp-json\/wp\/v2\/pages\/928"}],"collection":[{"href":"https:\/\/www.centromedicolaser.it\/cmlstaging\/wp-json\/wp\/v2\/pages"}],"about":[{"href":"https:\/\/www.centromedicolaser.it\/cmlstaging\/wp-json\/wp\/v2\/types\/page"}],"author":[{"embeddable":true,"href":"https:\/\/www.centromedicolaser.it\/cmlstaging\/wp-json\/wp\/v2\/users\/2"}],"replies":[{"embeddable":true,"href":"https:\/\/www.centromedicolaser.it\/cmlstaging\/wp-json\/wp\/v2\/comments?post=928"}],"version-history":[{"count":19,"href":"https:\/\/www.centromedicolaser.it\/cmlstaging\/wp-json\/wp\/v2\/pages\/928\/revisions"}],"predecessor-version":[{"id":1568,"href":"https:\/\/www.centromedicolaser.it\/cmlstaging\/wp-json\/wp\/v2\/pages\/928\/revisions\/1568"}],"up":[{"embeddable":true,"href":"https:\/\/www.centromedicolaser.it\/cmlstaging\/wp-json\/wp\/v2\/pages\/86"}],"wp:featuredmedia":[{"embeddable":true,"href":"https:\/\/www.centromedicolaser.it\/cmlstaging\/wp-json\/wp\/v2\/media\/929"}],"wp:attachment":[{"href":"https:\/\/www.centromedicolaser.it\/cmlstaging\/wp-json\/wp\/v2\/media?parent=928"}],"curies":[{"name":"wp","href":"https:\/\/api.w.org\/{rel}","templated":true}]}}